{"id":1306,"date":"2023-03-29T09:40:45","date_gmt":"2023-03-29T12:40:45","guid":{"rendered":"https:\/\/lealqueiroz.adv.br\/?page_id=1306"},"modified":"2023-10-04T11:20:07","modified_gmt":"2023-10-04T14:20:07","slug":"treinamentos-juridicos-corporativo","status":"publish","type":"page","link":"https:\/\/lealqueiroz.adv.br\/?page_id=1306","title":{"rendered":"Treinamentos Jur\u00eddicos Corporativo"},"content":{"rendered":"<p>Os treinamentos jur\u00eddicos desenvolvidos pela Leal Queiroz t\u00eam foco na preven\u00e7\u00e3o e redu\u00e7\u00e3o de passivo judicial, trazendo assim diversos benef\u00edcios para sua empresa, tais como:<\/p>\n<ol>\n<li><strong>Redu\u00e7\u00e3o de custos com processos judiciais:<\/strong> a preven\u00e7\u00e3o de problemas jur\u00eddicos ajuda a evitar gastos com advogados, multas e indeniza\u00e7\u00f5es.<\/li>\n<li><strong>Melhoria do clima organizacional:<\/strong> investir na capacita\u00e7\u00e3o dos colaboradores aumenta a satisfa\u00e7\u00e3o e o engajamento da equipe, gerando um ambiente de trabalho mais saud\u00e1vel.<\/li>\n<li><strong>Aumento da produtividade:<\/strong> equipes mais capacitadas e treinadas tendem a ser mais eficientes e produtivas, o que gera melhores resultados para a empresa.<\/li>\n<li><strong>Maior seguran\u00e7a no ambiente de trabalho:<\/strong> o treinamento em seguran\u00e7a do trabalho ajuda a reduzir acidentes e incidentes, garantindo um ambiente mais seguro para os colaboradores e clientes.<\/li>\n<li><strong>Fortalecimento da lideran\u00e7a:<\/strong> o desenvolvimento de lideran\u00e7as estrat\u00e9gicas e operacionais traz benef\u00edcios para toda a empresa, melhorando a gest\u00e3o de equipes e processos.<\/li>\n<li><strong>Melhoria da imagem da empresa:<\/strong> empresas que investem em treinamento e desenvolvimento de equipes demonstram compromisso com o crescimento e sucesso dos colaboradores, o que reflete positivamente na imagem da empresa perante o mercado e a sociedade.<\/li>\n<\/ol>\n<p>Em resumo, os treinamentos jur\u00eddicos com foco na preven\u00e7\u00e3o e redu\u00e7\u00e3o de passivo judicial contribuem para o sucesso e a sustentabilidade da empresa, reduzindo custos com processos judiciais, melhorando o clima organizacional, aumentando a produtividade, garantindo um ambiente de trabalho mais seguro, fortalecendo a lideran\u00e7a e melhorando a imagem da empresa.<\/p>\n<p>Fale conosco agora mesmo e leve preven\u00e7\u00e3o e seguran\u00e7a jur\u00eddica para o seu neg\u00f3cio!<\/p>\n","protected":false},"excerpt":{"rendered":"<p>Os treinamentos jur\u00eddicos desenvolvidos pela Leal Queiroz t\u00eam foco na preven\u00e7\u00e3o e redu\u00e7\u00e3o de passivo judicial, trazendo assim diversos benef\u00edcios para sua empresa, tais como: Redu\u00e7\u00e3o de custos com processos judiciais: a preven\u00e7\u00e3o de problemas jur\u00eddicos ajuda a evitar gastos com advogados, multas e indeniza\u00e7\u00f5es. Melhoria do clima organizacional: investir na capacita\u00e7\u00e3o dos colaboradores aumenta [&hellip;]<\/p>\n","protected":false},"author":7,"featured_media":0,"parent":1269,"menu_order":0,"comment_status":"closed","ping_status":"closed","template":"","meta":{"_acf_changed":false,"footnotes":""},"class_list":["post-1306","page","type-page","status-publish","hentry"],"acf":[],"_links":{"self":[{"href":"https:\/\/lealqueiroz.adv.br\/index.php?rest_route=\/wp\/v2\/pages\/1306","targetHints":{"allow":["GET"]}}],"collection":[{"href":"https:\/\/lealqueiroz.adv.br\/index.php?rest_route=\/wp\/v2\/pages"}],"about":[{"href":"https:\/\/lealqueiroz.adv.br\/index.php?rest_route=\/wp\/v2\/types\/page"}],"author":[{"embeddable":true,"href":"https:\/\/lealqueiroz.adv.br\/index.php?rest_route=\/wp\/v2\/users\/7"}],"replies":[{"embeddable":true,"href":"https:\/\/lealqueiroz.adv.br\/index.php?rest_route=%2Fwp%2Fv2%2Fcomments&post=1306"}],"version-history":[{"count":2,"href":"https:\/\/lealqueiroz.adv.br\/index.php?rest_route=\/wp\/v2\/pages\/1306\/revisions"}],"predecessor-version":[{"id":1353,"href":"https:\/\/lealqueiroz.adv.br\/index.php?rest_route=\/wp\/v2\/pages\/1306\/revisions\/1353"}],"up":[{"embeddable":true,"href":"https:\/\/lealqueiroz.adv.br\/index.php?rest_route=\/wp\/v2\/pages\/1269"}],"wp:attachment":[{"href":"https:\/\/lealqueiroz.adv.br\/index.php?rest_route=%2Fwp%2Fv2%2Fmedia&parent=1306"}],"curies":[{"name":"wp","href":"https:\/\/api.w.org\/{rel}","templated":true}]}}