{"id":1302,"date":"2023-03-29T09:38:48","date_gmt":"2023-03-29T12:38:48","guid":{"rendered":"https:\/\/lealqueiroz.adv.br\/?page_id=1302"},"modified":"2023-10-04T11:35:36","modified_gmt":"2023-10-04T14:35:36","slug":"implantacao-e-consultoria-de-compliance","status":"publish","type":"page","link":"https:\/\/lealqueiroz.adv.br\/?page_id=1302","title":{"rendered":"Implanta\u00e7\u00e3o e Consultoria de Compliance"},"content":{"rendered":"<p>A implanta\u00e7\u00e3o e a consultoria de compliance oferecidas pela Leal Queiroz podem trazer diversos benef\u00edcios para o seu neg\u00f3cio, tais como:<\/p>\n<ol>\n<li><strong>Redu\u00e7\u00e3o de riscos legais e financeiros:<\/strong> o compliance ajuda as empresas a estar em conformidade com as leis e regulamenta\u00e7\u00f5es, reduzindo os riscos de processos judiciais e multas.<\/li>\n<li><strong>Aumento da reputa\u00e7\u00e3o e credibilidade:<\/strong> empresas que demonstram comprometimento com a \u00e9tica e a transpar\u00eancia tendem a ter uma imagem positiva perante o mercado e a sociedade.<\/li>\n<li><strong>Melhoria do ambiente interno:<\/strong> o compliance estimula o respeito \u00e0s normas internas e promove um ambiente mais \u00e9tico e saud\u00e1vel para os colaboradores.<\/li>\n<li><strong>Identifica\u00e7\u00e3o e preven\u00e7\u00e3o de fraudes e corrup\u00e7\u00e3o:<\/strong> o compliance ajuda a detectar e prevenir atos de corrup\u00e7\u00e3o, fraudes e outros comportamentos ilegais ou anti\u00e9ticos.<\/li>\n<li><strong>Fortalecimento do relacionamento com clientes e fornecedores:<\/strong> empresas que adotam pr\u00e1ticas \u00e9ticas e transparentes tendem a ter um relacionamento mais s\u00f3lido e confi\u00e1vel com seus clientes e fornecedores.<\/li>\n<li><strong>Melhoria da efici\u00eancia operacional:<\/strong> o compliance promove a organiza\u00e7\u00e3o e padroniza\u00e7\u00e3o de processos, evitando retrabalhos e aumentando a efici\u00eancia da empresa como um todo.<\/li>\n<\/ol>\n<p>Em resumo, a implanta\u00e7\u00e3o e a consultoria de compliance podem contribuir para o sucesso e a sustentabilidade das empresas, reduzindo riscos legais e financeiros, melhorando a reputa\u00e7\u00e3o e credibilidade, fortalecendo o relacionamento com clientes e fornecedores, e promovendo um ambiente \u00e9tico e saud\u00e1vel para os colaboradores.<\/p>\n<p>Fale conosco agora mesmo e leve preven\u00e7\u00e3o e seguran\u00e7a jur\u00eddica para o seu neg\u00f3cio!<\/p>\n<p>&nbsp;<\/p>\n<p>&nbsp;<\/p>\n","protected":false},"excerpt":{"rendered":"<p>A implanta\u00e7\u00e3o e a consultoria de compliance oferecidas pela Leal Queiroz podem trazer diversos benef\u00edcios para o seu neg\u00f3cio, tais como: Redu\u00e7\u00e3o de riscos legais e financeiros: o compliance ajuda as empresas a estar em conformidade com as leis e regulamenta\u00e7\u00f5es, reduzindo os riscos de processos judiciais e multas. Aumento da reputa\u00e7\u00e3o e credibilidade: empresas [&hellip;]<\/p>\n","protected":false},"author":7,"featured_media":0,"parent":1269,"menu_order":0,"comment_status":"closed","ping_status":"closed","template":"","meta":{"_acf_changed":false,"footnotes":""},"class_list":["post-1302","page","type-page","status-publish","hentry"],"acf":[],"_links":{"self":[{"href":"https:\/\/lealqueiroz.adv.br\/index.php?rest_route=\/wp\/v2\/pages\/1302","targetHints":{"allow":["GET"]}}],"collection":[{"href":"https:\/\/lealqueiroz.adv.br\/index.php?rest_route=\/wp\/v2\/pages"}],"about":[{"href":"https:\/\/lealqueiroz.adv.br\/index.php?rest_route=\/wp\/v2\/types\/page"}],"author":[{"embeddable":true,"href":"https:\/\/lealqueiroz.adv.br\/index.php?rest_route=\/wp\/v2\/users\/7"}],"replies":[{"embeddable":true,"href":"https:\/\/lealqueiroz.adv.br\/index.php?rest_route=%2Fwp%2Fv2%2Fcomments&post=1302"}],"version-history":[{"count":2,"href":"https:\/\/lealqueiroz.adv.br\/index.php?rest_route=\/wp\/v2\/pages\/1302\/revisions"}],"predecessor-version":[{"id":1351,"href":"https:\/\/lealqueiroz.adv.br\/index.php?rest_route=\/wp\/v2\/pages\/1302\/revisions\/1351"}],"up":[{"embeddable":true,"href":"https:\/\/lealqueiroz.adv.br\/index.php?rest_route=\/wp\/v2\/pages\/1269"}],"wp:attachment":[{"href":"https:\/\/lealqueiroz.adv.br\/index.php?rest_route=%2Fwp%2Fv2%2Fmedia&parent=1302"}],"curies":[{"name":"wp","href":"https:\/\/api.w.org\/{rel}","templated":true}]}}