{"id":13,"date":"2021-02-09T08:51:41","date_gmt":"2021-02-09T11:51:41","guid":{"rendered":"https:\/\/lealqueiroz.adv.br\/site\/?page_id=13"},"modified":"2023-11-14T14:34:38","modified_gmt":"2023-11-14T17:34:38","slug":"principios-essenciais","status":"publish","type":"page","link":"https:\/\/lealqueiroz.adv.br\/?page_id=13","title":{"rendered":"Princ\u00edpios Essenciais"},"content":{"rendered":"<p><span style=\"font-weight: 400;\">Acreditamos que a base de todas as rela\u00e7\u00f5es deve se pautar em valores fortes e claros, e isto foi algo que t\u00ednhamos em mente desde a fase de planejamento da Leal Queiroz.<\/span><\/p>\n<p><span style=\"font-weight: 400;\">Definimos nossa miss\u00e3o, vis\u00e3o e valores para nortear nossa cultura e nossas decis\u00f5es.\u00a0<\/span><\/p>\n<h2>Miss\u00e3o<\/h2>\n<p><span style=\"font-weight: 400;\">Nossa miss\u00e3o consiste em implantar, desenvolver e disseminar a cultura de preven\u00e7\u00e3o e proatividade jur\u00eddica nas empresas. Com isso desenvolvemos uma equipe forte, sempre investindo em nossos colaboradores para que possamos com efici\u00eancia cumprir nossa miss\u00e3o.<\/span><\/p>\n<h2>Valores<\/h2>\n<p><span style=\"font-weight: 400;\">Mas para cumprir nossa miss\u00e3o, temos ci\u00eancia que s\u00f3 clareza da miss\u00e3o n\u00e3o basta, precisamos ter valores fortes e claros, valores esses que pautam a cultura da Leal Queiroz, tanto nas rela\u00e7\u00f5es com nossa equipe como nas rela\u00e7\u00f5es com nossos clientes.<\/span><\/p>\n<ul>\n<li><span style=\"font-weight: 400;\"> Excel\u00eancia<\/span><\/li>\n<li><span style=\"font-weight: 400;\"> Comprometimento<\/span><\/li>\n<li><span style=\"font-weight: 400;\"> Lealdade<\/span><\/li>\n<li><span style=\"font-weight: 400;\"> Transpar\u00eancia<\/span><\/li>\n<li><span style=\"font-weight: 400;\"> Uni\u00e3o<\/span><\/li>\n<\/ul>\n<p><span style=\"font-weight: 400;\">Esses s\u00e3o nossos valores, valores que trabalhamos diariamente com nossos colaboradores, que s\u00e3o parte imprescind\u00edvel para o crescimento do nosso escrit\u00f3rio.<\/span><\/p>\n<p><span style=\"font-weight: 400;\">S\u00e3o eles que est\u00e3o nas trincheiras conosco todos os dias, fazendo acontecer. Por eles temos muita gratid\u00e3o e alegria em poder estarmos todos juntos nesta jornada.<\/span><\/p>\n<h2>Vis\u00e3o<\/h2>\n<p><span style=\"font-weight: 400;\">Mas, miss\u00e3o e valores sem vis\u00e3o n\u00e3o s\u00e3o suficientes para uma trajet\u00f3ria satisfat\u00f3ria, e assim desenvolvemos uma vis\u00e3o clara e muito bem definida.<\/span><\/p>\n<p><span style=\"font-weight: 400;\">Trabalhamos hoje para ser refer\u00eancia de qualidade na atua\u00e7\u00e3o da ADVOCACIA CORPORATIVA. Desejamos levar a cultura de preven\u00e7\u00e3o para mais empresas.<\/span><\/p>\n<p><span style=\"font-weight: 400;\">\u00c9 o que fazemos porque amamos. Nos satisfaz poder proporcionar seguran\u00e7a jur\u00eddica para os nossos clientes. Isso \u00e9 o que nos traz senso de valor: poder evitar processos, poder evitar crises, estruturar empresas familiares trazendo seguran\u00e7a para o neg\u00f3cio e para fam\u00edlias, isso nos move.<\/span><\/p>\n<p><span style=\"font-weight: 400;\">Por esse motivo, tamb\u00e9m somos muito gratos a todos os clientes que acreditam no nosso trabalho, que est\u00e3o conosco todos os dias, na busca pela excel\u00eancia e pelas melhores solu\u00e7\u00f5es.<\/span><\/p>\n<p><span style=\"font-weight: 400;\">S\u00f3 nos resta a gratid\u00e3o por todos que escolheram estar juntos conosco e vamos em frente, temos muitos sonhos para realizar!<\/span><\/p>\n","protected":false},"excerpt":{"rendered":"<p>Acreditamos que a base de todas as rela\u00e7\u00f5es deve se pautar em valores fortes e claros, e isto foi algo que t\u00ednhamos em mente desde a fase de planejamento da Leal Queiroz. Definimos nossa miss\u00e3o, vis\u00e3o e valores para nortear nossa cultura e nossas decis\u00f5es.\u00a0 Miss\u00e3o Nossa miss\u00e3o consiste em implantar, desenvolver e disseminar a [&hellip;]<\/p>\n","protected":false},"author":7,"featured_media":1467,"parent":9,"menu_order":0,"comment_status":"closed","ping_status":"closed","template":"","meta":{"_acf_changed":false,"footnotes":""},"class_list":["post-13","page","type-page","status-publish","has-post-thumbnail","hentry"],"acf":[],"_links":{"self":[{"href":"https:\/\/lealqueiroz.adv.br\/index.php?rest_route=\/wp\/v2\/pages\/13","targetHints":{"allow":["GET"]}}],"collection":[{"href":"https:\/\/lealqueiroz.adv.br\/index.php?rest_route=\/wp\/v2\/pages"}],"about":[{"href":"https:\/\/lealqueiroz.adv.br\/index.php?rest_route=\/wp\/v2\/types\/page"}],"author":[{"embeddable":true,"href":"https:\/\/lealqueiroz.adv.br\/index.php?rest_route=\/wp\/v2\/users\/7"}],"replies":[{"embeddable":true,"href":"https:\/\/lealqueiroz.adv.br\/index.php?rest_route=%2Fwp%2Fv2%2Fcomments&post=13"}],"version-history":[{"count":25,"href":"https:\/\/lealqueiroz.adv.br\/index.php?rest_route=\/wp\/v2\/pages\/13\/revisions"}],"predecessor-version":[{"id":1653,"href":"https:\/\/lealqueiroz.adv.br\/index.php?rest_route=\/wp\/v2\/pages\/13\/revisions\/1653"}],"up":[{"embeddable":true,"href":"https:\/\/lealqueiroz.adv.br\/index.php?rest_route=\/wp\/v2\/pages\/9"}],"wp:featuredmedia":[{"embeddable":true,"href":"https:\/\/lealqueiroz.adv.br\/index.php?rest_route=\/wp\/v2\/media\/1467"}],"wp:attachment":[{"href":"https:\/\/lealqueiroz.adv.br\/index.php?rest_route=%2Fwp%2Fv2%2Fmedia&parent=13"}],"curies":[{"name":"wp","href":"https:\/\/api.w.org\/{rel}","templated":true}]}}