{"id":1294,"date":"2023-03-29T09:32:29","date_gmt":"2023-03-29T12:32:29","guid":{"rendered":"https:\/\/lealqueiroz.adv.br\/?page_id=1294"},"modified":"2023-10-06T15:00:33","modified_gmt":"2023-10-06T18:00:33","slug":"gestao-juridica-corporativa","status":"publish","type":"page","link":"https:\/\/lealqueiroz.adv.br\/?page_id=1294","title":{"rendered":"Gest\u00e3o Jur\u00eddica Corporativa"},"content":{"rendered":"<h1>Gest\u00e3o de Processos Judiciais Empresariais<\/h1>\n<p>&nbsp;<\/p>\n<p>Entre os benef\u00edcios de ter a Leal Queiroz na Gest\u00e3o de Processos Judiciais Empresariais no seu neg\u00f3cio est\u00e3o:<\/p>\n<ol>\n<li><strong>Redu\u00e7\u00e3o de riscos legais:<\/strong> a gest\u00e3o de processos judiciais ajuda as empresas a identificar e gerenciar riscos legais, garantindo a conformidade com as leis e regulamenta\u00e7\u00f5es aplic\u00e1veis.<\/li>\n<li><strong>Economia de custos:<\/strong> a gest\u00e3o de processos judiciais ajuda as empresas a economizar em custos legais externos, como honor\u00e1rios advocat\u00edcios e taxas judiciais.<\/li>\n<li><strong>Agilidade na tomada de decis\u00f5es:<\/strong> a gest\u00e3o de processos judiciais ajuda as empresas a tomar decis\u00f5es mais rapidamente, pois n\u00e3o precisam esperar por uma resposta externa de seus advogados.<\/li>\n<li><strong>Melhoria na gest\u00e3o de contratos:<\/strong> a gest\u00e3o de processos judiciais ajuda as empresas a gerenciar e negociar contratos com fornecedores, clientes e outros terceiros, garantindo que os interesses da empresa sejam protegidos.<\/li>\n<li><strong>Preven\u00e7\u00e3o de lit\u00edgios:<\/strong> a gest\u00e3o de processos judiciais ajuda as empresas a evitar poss\u00edveis lit\u00edgios e resolver disputas com fornecedores, clientes e outros terceiros de forma mais r\u00e1pida e eficaz.<\/li>\n<\/ol>\n<p>Fale conosco agora mesmo e leve preven\u00e7\u00e3o e seguran\u00e7a jur\u00eddica para o seu neg\u00f3cio!<\/p>\n","protected":false},"excerpt":{"rendered":"<p>Gest\u00e3o de Processos Judiciais Empresariais &nbsp; Entre os benef\u00edcios de ter a Leal Queiroz na Gest\u00e3o de Processos Judiciais Empresariais no seu neg\u00f3cio est\u00e3o: Redu\u00e7\u00e3o de riscos legais: a gest\u00e3o de processos judiciais ajuda as empresas a identificar e gerenciar riscos legais, garantindo a conformidade com as leis e regulamenta\u00e7\u00f5es aplic\u00e1veis. Economia de custos: a [&hellip;]<\/p>\n","protected":false},"author":7,"featured_media":0,"parent":1269,"menu_order":0,"comment_status":"closed","ping_status":"closed","template":"","meta":{"_acf_changed":false,"footnotes":""},"class_list":["post-1294","page","type-page","status-publish","hentry"],"acf":[],"_links":{"self":[{"href":"https:\/\/lealqueiroz.adv.br\/index.php?rest_route=\/wp\/v2\/pages\/1294","targetHints":{"allow":["GET"]}}],"collection":[{"href":"https:\/\/lealqueiroz.adv.br\/index.php?rest_route=\/wp\/v2\/pages"}],"about":[{"href":"https:\/\/lealqueiroz.adv.br\/index.php?rest_route=\/wp\/v2\/types\/page"}],"author":[{"embeddable":true,"href":"https:\/\/lealqueiroz.adv.br\/index.php?rest_route=\/wp\/v2\/users\/7"}],"replies":[{"embeddable":true,"href":"https:\/\/lealqueiroz.adv.br\/index.php?rest_route=%2Fwp%2Fv2%2Fcomments&post=1294"}],"version-history":[{"count":4,"href":"https:\/\/lealqueiroz.adv.br\/index.php?rest_route=\/wp\/v2\/pages\/1294\/revisions"}],"predecessor-version":[{"id":1349,"href":"https:\/\/lealqueiroz.adv.br\/index.php?rest_route=\/wp\/v2\/pages\/1294\/revisions\/1349"}],"up":[{"embeddable":true,"href":"https:\/\/lealqueiroz.adv.br\/index.php?rest_route=\/wp\/v2\/pages\/1269"}],"wp:attachment":[{"href":"https:\/\/lealqueiroz.adv.br\/index.php?rest_route=%2Fwp%2Fv2%2Fmedia&parent=1294"}],"curies":[{"name":"wp","href":"https:\/\/api.w.org\/{rel}","templated":true}]}}