{"id":129,"date":"2021-02-12T16:03:52","date_gmt":"2021-02-12T19:03:52","guid":{"rendered":"https:\/\/lealqueiroz.adv.br\/site\/?page_id=129"},"modified":"2023-11-14T14:34:50","modified_gmt":"2023-11-14T17:34:50","slug":"trabalhe-conosco","status":"publish","type":"page","link":"https:\/\/lealqueiroz.adv.br\/?page_id=129","title":{"rendered":"Trabalhe Conosco"},"content":{"rendered":"<p>&nbsp;<\/p>\n<p><iframe loading=\"lazy\" title=\"Elabora\u00e7\u00e3o de curr\u00edculos - Leal Queiroz Advocacia Corporativa\" width=\"500\" height=\"281\" src=\"https:\/\/www.youtube.com\/embed\/bYqyz--D8y8?feature=oembed\" frameborder=\"0\" allow=\"accelerometer; autoplay; clipboard-write; encrypted-media; gyroscope; picture-in-picture; web-share\" referrerpolicy=\"strict-origin-when-cross-origin\" allowfullscreen><\/iframe><\/p>\n","protected":false},"excerpt":{"rendered":"<p>&nbsp;<\/p>\n","protected":false},"author":7,"featured_media":1467,"parent":0,"menu_order":0,"comment_status":"closed","ping_status":"closed","template":"page-works-us.php","meta":{"_acf_changed":false,"footnotes":""},"class_list":["post-129","page","type-page","status-publish","has-post-thumbnail","hentry"],"acf":[],"_links":{"self":[{"href":"https:\/\/lealqueiroz.adv.br\/index.php?rest_route=\/wp\/v2\/pages\/129","targetHints":{"allow":["GET"]}}],"collection":[{"href":"https:\/\/lealqueiroz.adv.br\/index.php?rest_route=\/wp\/v2\/pages"}],"about":[{"href":"https:\/\/lealqueiroz.adv.br\/index.php?rest_route=\/wp\/v2\/types\/page"}],"author":[{"embeddable":true,"href":"https:\/\/lealqueiroz.adv.br\/index.php?rest_route=\/wp\/v2\/users\/7"}],"replies":[{"embeddable":true,"href":"https:\/\/lealqueiroz.adv.br\/index.php?rest_route=%2Fwp%2Fv2%2Fcomments&post=129"}],"version-history":[{"count":12,"href":"https:\/\/lealqueiroz.adv.br\/index.php?rest_route=\/wp\/v2\/pages\/129\/revisions"}],"predecessor-version":[{"id":1654,"href":"https:\/\/lealqueiroz.adv.br\/index.php?rest_route=\/wp\/v2\/pages\/129\/revisions\/1654"}],"wp:featuredmedia":[{"embeddable":true,"href":"https:\/\/lealqueiroz.adv.br\/index.php?rest_route=\/wp\/v2\/media\/1467"}],"wp:attachment":[{"href":"https:\/\/lealqueiroz.adv.br\/index.php?rest_route=%2Fwp%2Fv2%2Fmedia&parent=129"}],"curies":[{"name":"wp","href":"https:\/\/api.w.org\/{rel}","templated":true}]}}