{"id":1282,"date":"2023-03-29T09:23:28","date_gmt":"2023-03-29T12:23:28","guid":{"rendered":"https:\/\/lealqueiroz.adv.br\/?page_id=1282"},"modified":"2023-10-06T14:53:23","modified_gmt":"2023-10-06T17:53:23","slug":"consultoria-e-auditoria-juridica","status":"publish","type":"page","link":"https:\/\/lealqueiroz.adv.br\/?page_id=1282","title":{"rendered":"Consultoria e Auditoria Jur\u00eddica"},"content":{"rendered":"<h1>Consultoria e Auditoria Jur\u00eddica Corporativa nas \u00e1reas de atua\u00e7\u00e3o<\/h1>\n<p>&nbsp;<\/p>\n<p>Os benef\u00edcios da consultoria e auditoria jur\u00eddica corporativa podem variar dependendo das \u00e1reas de atua\u00e7\u00e3o das empresas, mas alguns benef\u00edcios comuns incluem:<\/p>\n<ol>\n<li><strong>Redu\u00e7\u00e3o de riscos legais:<\/strong> a consultoria jur\u00eddica ajuda as empresas a identificar e gerenciar riscos legais, garantindo a conformidade com as leis e regulamenta\u00e7\u00f5es aplic\u00e1veis.<\/li>\n<li><strong>Melhoria na gest\u00e3o de contratos:<\/strong> a consultoria jur\u00eddica ajuda \u00e0s empresas a negociar e gerenciar contratos com fornecedores, clientes e outros terceiros, garantindo que os interesses da empresa sejam protegidos.<\/li>\n<li><strong>Economia de custos:<\/strong> a consultoria jur\u00eddica ajuda as empresas a economizar com custos legais externos, como honor\u00e1rios advocat\u00edcios e taxas judiciais.<\/li>\n<li><strong>Agilidade na tomada de decis\u00f5es:<\/strong> a consultoria jur\u00eddica ajuda \u00e0s empresas a tomar decis\u00f5es mais rapidamente, pois n\u00e3o precisam esperar por uma resposta externa de seus advogados.<\/li>\n<li><strong>Melhoria na conformidade regulat\u00f3ria:<\/strong> a auditoria jur\u00eddica ajuda \u00e0s empresas a identificar poss\u00edveis viola\u00e7\u00f5es regulat\u00f3rias e corrigi-las antes que se tornem um problema.<\/li>\n<li><strong>Preven\u00e7\u00e3o de lit\u00edgios:<\/strong> a consultoria jur\u00eddica ajuda \u00e0s empresas a evitar poss\u00edveis lit\u00edgios e resolver disputas com fornecedores, clientes e outros terceiros de forma mais r\u00e1pida e eficaz.<\/li>\n<\/ol>\n<p>Ou seja, a consultoria e auditoria jur\u00eddica corporativa realizada pela Leal Queiroz podem ajudar suas empresas a gerenciar riscos legais, economizar custos, tomar decis\u00f5es mais \u00e1geis e garantir a conformidade com as leis e regulamenta\u00e7\u00f5es aplic\u00e1veis \u00e0s suas \u00e1reas de atua\u00e7\u00e3o.<\/p>\n<p>Fale conosco agora mesmo e leve preven\u00e7\u00e3o e seguran\u00e7a jur\u00eddica para o seu neg\u00f3cio!<\/p>\n","protected":false},"excerpt":{"rendered":"<p>Consultoria e Auditoria Jur\u00eddica Corporativa nas \u00e1reas de atua\u00e7\u00e3o &nbsp; Os benef\u00edcios da consultoria e auditoria jur\u00eddica corporativa podem variar dependendo das \u00e1reas de atua\u00e7\u00e3o das empresas, mas alguns benef\u00edcios comuns incluem: Redu\u00e7\u00e3o de riscos legais: a consultoria jur\u00eddica ajuda as empresas a identificar e gerenciar riscos legais, garantindo a conformidade com as leis e [&hellip;]<\/p>\n","protected":false},"author":7,"featured_media":0,"parent":1269,"menu_order":0,"comment_status":"closed","ping_status":"closed","template":"","meta":{"_acf_changed":false,"footnotes":""},"class_list":["post-1282","page","type-page","status-publish","hentry"],"acf":[],"_links":{"self":[{"href":"https:\/\/lealqueiroz.adv.br\/index.php?rest_route=\/wp\/v2\/pages\/1282","targetHints":{"allow":["GET"]}}],"collection":[{"href":"https:\/\/lealqueiroz.adv.br\/index.php?rest_route=\/wp\/v2\/pages"}],"about":[{"href":"https:\/\/lealqueiroz.adv.br\/index.php?rest_route=\/wp\/v2\/types\/page"}],"author":[{"embeddable":true,"href":"https:\/\/lealqueiroz.adv.br\/index.php?rest_route=\/wp\/v2\/users\/7"}],"replies":[{"embeddable":true,"href":"https:\/\/lealqueiroz.adv.br\/index.php?rest_route=%2Fwp%2Fv2%2Fcomments&post=1282"}],"version-history":[{"count":3,"href":"https:\/\/lealqueiroz.adv.br\/index.php?rest_route=\/wp\/v2\/pages\/1282\/revisions"}],"predecessor-version":[{"id":1345,"href":"https:\/\/lealqueiroz.adv.br\/index.php?rest_route=\/wp\/v2\/pages\/1282\/revisions\/1345"}],"up":[{"embeddable":true,"href":"https:\/\/lealqueiroz.adv.br\/index.php?rest_route=\/wp\/v2\/pages\/1269"}],"wp:attachment":[{"href":"https:\/\/lealqueiroz.adv.br\/index.php?rest_route=%2Fwp%2Fv2%2Fmedia&parent=1282"}],"curies":[{"name":"wp","href":"https:\/\/api.w.org\/{rel}","templated":true}]}}