{"id":1278,"date":"2023-03-29T09:21:10","date_gmt":"2023-03-29T12:21:10","guid":{"rendered":"https:\/\/lealqueiroz.adv.br\/?page_id=1278"},"modified":"2023-10-06T14:56:53","modified_gmt":"2023-10-06T17:56:53","slug":"gestao-de-juridicos-internos","status":"publish","type":"page","link":"https:\/\/lealqueiroz.adv.br\/?page_id=1278","title":{"rendered":"Gest\u00e3o de Jur\u00eddicos Internos"},"content":{"rendered":"<h2>Implanta\u00e7\u00e3o, Reestrutura\u00e7\u00e3o e Gest\u00e3o de jur\u00eddicos internos para Supermercadistas e Atacadistas<\/h2>\n<p>&nbsp;<\/p>\n<p>A implanta\u00e7\u00e3o, reestrutura\u00e7\u00e3o e gest\u00e3o de jur\u00eddicos internos para supermercadistas e atacadistas pode trazer v\u00e1rios benef\u00edcios, incluindo:<\/p>\n<ol>\n<li><strong>Redu\u00e7\u00e3o de riscos jur\u00eddicos:<\/strong> a implanta\u00e7\u00e3o de um departamento jur\u00eddico interno ajuda a prevenir riscos jur\u00eddicos, identificando e corrigindo problemas legais antes que eles se tornem maiores.<\/li>\n<li><strong>Economia de custos:<\/strong> com um jur\u00eddico interno, os supermercadistas e atacadistas podem economizar em custos externos, como advogados terceirizados e taxas judiciais.<\/li>\n<li><strong>Agilidade na tomada de decis\u00f5es:<\/strong> com um departamento jur\u00eddico interno, as empresas podem tomar decis\u00f5es mais rapidamente, pois n\u00e3o precisam esperar por uma resposta externa de seus advogados.<\/li>\n<li><strong>Conhecimento espec\u00edfico do setor:<\/strong> um departamento jur\u00eddico interno \u00e9 especializado no assunto, garantindo que os supermercadistas e atacadistas tenham um conhecimento aprofundado das leis e regulamenta\u00e7\u00f5es aplic\u00e1veis ao setor.<\/li>\n<li><strong>Melhoria na gest\u00e3o de contratos:<\/strong> o jur\u00eddico interno ajuda a gerenciar e negociar contratos com fornecedores, parceiros e outros terceiros, garantindo que os interesses da empresa sejam protegidos.<\/li>\n<li><strong>Redu\u00e7\u00e3o de conflitos:<\/strong> o jur\u00eddico interno ajuda a resolver disputas com fornecedores, clientes e outros terceiros de forma mais r\u00e1pida e eficaz, evitando poss\u00edveis lit\u00edgios.<\/li>\n<\/ol>\n<p>Em outras palavras, com a implanta\u00e7\u00e3o, reestrutura\u00e7\u00e3o e gest\u00e3o de jur\u00eddicos internos, a Leal Queiroz pode ajudar os supermercadistas e atacadistas a reduzir riscos jur\u00eddicos, economizar custos, tomar decis\u00f5es mais \u00e1geis e garantir a conformidade com as leis e regulamenta\u00e7\u00f5es aplic\u00e1veis ao setor.<\/p>\n<p>Fale conosco agora mesmo e leve preven\u00e7\u00e3o e seguran\u00e7a jur\u00eddica para o seu neg\u00f3cio!<\/p>\n","protected":false},"excerpt":{"rendered":"<p>Implanta\u00e7\u00e3o, Reestrutura\u00e7\u00e3o e Gest\u00e3o de jur\u00eddicos internos para Supermercadistas e Atacadistas &nbsp; A implanta\u00e7\u00e3o, reestrutura\u00e7\u00e3o e gest\u00e3o de jur\u00eddicos internos para supermercadistas e atacadistas pode trazer v\u00e1rios benef\u00edcios, incluindo: Redu\u00e7\u00e3o de riscos jur\u00eddicos: a implanta\u00e7\u00e3o de um departamento jur\u00eddico interno ajuda a prevenir riscos jur\u00eddicos, identificando e corrigindo problemas legais antes que eles se tornem [&hellip;]<\/p>\n","protected":false},"author":7,"featured_media":0,"parent":1269,"menu_order":0,"comment_status":"closed","ping_status":"closed","template":"","meta":{"_acf_changed":false,"footnotes":""},"class_list":["post-1278","page","type-page","status-publish","hentry"],"acf":[],"_links":{"self":[{"href":"https:\/\/lealqueiroz.adv.br\/index.php?rest_route=\/wp\/v2\/pages\/1278","targetHints":{"allow":["GET"]}}],"collection":[{"href":"https:\/\/lealqueiroz.adv.br\/index.php?rest_route=\/wp\/v2\/pages"}],"about":[{"href":"https:\/\/lealqueiroz.adv.br\/index.php?rest_route=\/wp\/v2\/types\/page"}],"author":[{"embeddable":true,"href":"https:\/\/lealqueiroz.adv.br\/index.php?rest_route=\/wp\/v2\/users\/7"}],"replies":[{"embeddable":true,"href":"https:\/\/lealqueiroz.adv.br\/index.php?rest_route=%2Fwp%2Fv2%2Fcomments&post=1278"}],"version-history":[{"count":5,"href":"https:\/\/lealqueiroz.adv.br\/index.php?rest_route=\/wp\/v2\/pages\/1278\/revisions"}],"predecessor-version":[{"id":1586,"href":"https:\/\/lealqueiroz.adv.br\/index.php?rest_route=\/wp\/v2\/pages\/1278\/revisions\/1586"}],"up":[{"embeddable":true,"href":"https:\/\/lealqueiroz.adv.br\/index.php?rest_route=\/wp\/v2\/pages\/1269"}],"wp:attachment":[{"href":"https:\/\/lealqueiroz.adv.br\/index.php?rest_route=%2Fwp%2Fv2%2Fmedia&parent=1278"}],"curies":[{"name":"wp","href":"https:\/\/api.w.org\/{rel}","templated":true}]}}